{"id":88,"date":"2021-09-01T22:04:17","date_gmt":"2021-09-01T20:04:17","guid":{"rendered":"https:\/\/foureco.pl\/?page_id=88"},"modified":"2021-09-29T09:23:16","modified_gmt":"2021-09-29T07:23:16","slug":"strona-glowna","status":"publish","type":"page","link":"https:\/\/foureco.pl\/","title":{"rendered":""},"content":{"rendered":"\n<p><\/p>\n\n\n\n<div class=\"wp-block-cover has-background-dim\"><img loading=\"lazy\" decoding=\"async\" width=\"1920\" height=\"1280\" class=\"wp-block-cover__image-background wp-image-67\" alt=\"\" src=\"https:\/\/foureco.pl\/wp-content\/uploads\/2021\/09\/drops-of-water-578897_1920.jpg\" data-object-fit=\"cover\" srcset=\"https:\/\/foureco.pl\/wp-content\/uploads\/2021\/09\/drops-of-water-578897_1920.jpg 1920w, https:\/\/foureco.pl\/wp-content\/uploads\/2021\/09\/drops-of-water-578897_1920-300x200.jpg 300w, https:\/\/foureco.pl\/wp-content\/uploads\/2021\/09\/drops-of-water-578897_1920-1024x683.jpg 1024w, https:\/\/foureco.pl\/wp-content\/uploads\/2021\/09\/drops-of-water-578897_1920-768x512.jpg 768w, https:\/\/foureco.pl\/wp-content\/uploads\/2021\/09\/drops-of-water-578897_1920-1536x1024.jpg 1536w\" sizes=\"auto, (max-width: 1920px) 100vw, 1920px\" \/><div class=\"wp-block-cover__inner-container is-layout-flow wp-block-cover-is-layout-flow\">\n<p class=\"has-text-align-center has-large-font-size\"><strong>O FIRMIE<\/strong><\/p>\n\n\n\n<p class=\"has-text-align-center\" style=\"font-size:18px\">Gospodarka wodno-\u015bciekowa to nieod\u0142\u0105czny element naszego \u017cycia, kt\u00f3ry wymaga szczeg\u00f3lnej uwagi i ochrony. Zdajemy sobie z tego doskonale spraw\u0119, poniewa\u017c nasza kadra od wielu lat zwi\u0105zana jest z powy\u017cszymi zagadnieniami. Wiemy, \u017ce nasze budowane od ponad <strong>10 lat<\/strong> do\u015bwiadczenie mo\u017ce by\u0107 jeszcze lepiej wykorzystane dlatego te\u017c dzia\u0142ania firmy Foureco koncentruj\u0105 si\u0119 na problematyce zwi\u0105zanej z technologi\u0105 oczyszczania \u015bciek\u00f3w komunalnych i przemys\u0142owych oraz zagospodarowaniem osad\u00f3w w spos\u00f3b bezpieczny dla \u015brodowiska naturalnego. <em><strong> <\/strong><\/em> <\/p>\n<\/div><\/div>\n\n\n\n<p><\/p>\n\n\n\n<div class=\"wp-block-cover has-background-dim\" style=\"min-height:300px;aspect-ratio:unset;\"><img loading=\"lazy\" decoding=\"async\" width=\"2560\" height=\"1440\" class=\"wp-block-cover__image-background wp-image-237\" alt=\"\" src=\"https:\/\/foureco.pl\/wp-content\/uploads\/2021\/09\/20160914_145302-scaled.jpg\" style=\"object-position:51% 58%\" data-object-fit=\"cover\" data-object-position=\"51% 58%\" srcset=\"https:\/\/foureco.pl\/wp-content\/uploads\/2021\/09\/20160914_145302-scaled.jpg 2560w, https:\/\/foureco.pl\/wp-content\/uploads\/2021\/09\/20160914_145302-300x169.jpg 300w, https:\/\/foureco.pl\/wp-content\/uploads\/2021\/09\/20160914_145302-1024x576.jpg 1024w, https:\/\/foureco.pl\/wp-content\/uploads\/2021\/09\/20160914_145302-768x432.jpg 768w, https:\/\/foureco.pl\/wp-content\/uploads\/2021\/09\/20160914_145302-1536x864.jpg 1536w, https:\/\/foureco.pl\/wp-content\/uploads\/2021\/09\/20160914_145302-2048x1152.jpg 2048w\" sizes=\"auto, (max-width: 2560px) 100vw, 2560px\" \/><div class=\"wp-block-cover__inner-container is-layout-flow wp-block-cover-is-layout-flow\">\n<p class=\"has-text-align-center has-large-font-size\"><strong>Wyposa\u017cenie oczyszczalni \u015bciek\u00f3w<\/strong><\/p>\n<\/div><\/div>\n\n\n\n<p><\/p>\n\n\n\n<div class=\"wp-block-cover has-background-dim\" style=\"min-height:300px;aspect-ratio:unset;\"><img loading=\"lazy\" decoding=\"async\" width=\"1920\" height=\"1280\" class=\"wp-block-cover__image-background wp-image-183\" alt=\"\" src=\"https:\/\/foureco.pl\/wp-content\/uploads\/2021\/09\/fittings-2784899_1920-1.jpg\" data-object-fit=\"cover\" srcset=\"https:\/\/foureco.pl\/wp-content\/uploads\/2021\/09\/fittings-2784899_1920-1.jpg 1920w, https:\/\/foureco.pl\/wp-content\/uploads\/2021\/09\/fittings-2784899_1920-1-300x200.jpg 300w, https:\/\/foureco.pl\/wp-content\/uploads\/2021\/09\/fittings-2784899_1920-1-1024x683.jpg 1024w, https:\/\/foureco.pl\/wp-content\/uploads\/2021\/09\/fittings-2784899_1920-1-768x512.jpg 768w, https:\/\/foureco.pl\/wp-content\/uploads\/2021\/09\/fittings-2784899_1920-1-1536x1024.jpg 1536w\" sizes=\"auto, (max-width: 1920px) 100vw, 1920px\" \/><div class=\"wp-block-cover__inner-container is-layout-flow wp-block-cover-is-layout-flow\">\n<p class=\"has-text-align-center has-large-font-size\"><strong>Przemys\u0142owe ruroci\u0105gi nierdzewne<\/strong><\/p>\n<\/div><\/div>\n\n\n\n<p><\/p>\n\n\n\n<div class=\"wp-block-cover has-background-dim\" style=\"min-height:300px;aspect-ratio:unset;\"><img loading=\"lazy\" decoding=\"async\" width=\"2560\" height=\"1440\" class=\"wp-block-cover__image-background wp-image-239\" alt=\"\" src=\"https:\/\/foureco.pl\/wp-content\/uploads\/2021\/09\/20161019_102502-scaled.jpg\" style=\"object-position:50% 100%\" data-object-fit=\"cover\" data-object-position=\"50% 100%\" srcset=\"https:\/\/foureco.pl\/wp-content\/uploads\/2021\/09\/20161019_102502-scaled.jpg 2560w, https:\/\/foureco.pl\/wp-content\/uploads\/2021\/09\/20161019_102502-300x169.jpg 300w, https:\/\/foureco.pl\/wp-content\/uploads\/2021\/09\/20161019_102502-1024x576.jpg 1024w, https:\/\/foureco.pl\/wp-content\/uploads\/2021\/09\/20161019_102502-768x432.jpg 768w, https:\/\/foureco.pl\/wp-content\/uploads\/2021\/09\/20161019_102502-1536x864.jpg 1536w, https:\/\/foureco.pl\/wp-content\/uploads\/2021\/09\/20161019_102502-2048x1152.jpg 2048w\" sizes=\"auto, (max-width: 2560px) 100vw, 2560px\" \/><div class=\"wp-block-cover__inner-container is-layout-flow wp-block-cover-is-layout-flow\">\n<p class=\"has-text-align-center has-large-font-size\"><strong>Konstrukcje ze stali<\/strong><\/p>\n<\/div><\/div>\n\n\n\n<p><\/p>\n\n\n\n<div class=\"wp-block-cover has-background-dim\" style=\"background-color:#b5d90a;min-height:150px;aspect-ratio:unset;\"><div class=\"wp-block-cover__inner-container is-layout-flow wp-block-cover-is-layout-flow\">\n<p class=\"has-text-align-center has-large-font-size\"><strong>Strona w budowie<\/strong><\/p>\n\n\n\n<p class=\"has-text-align-center\"><strong>wkr\u00f3tce wi\u0119cej informacji<\/strong><\/p>\n<\/div><\/div>\n\n\n\n<p><\/p>\n\n\n\n<h4 class=\"has-text-align-center has-black-color has-text-color wp-block-heading\"><strong>KONTAKT<\/strong><\/h4>\n\n\n\n<p class=\"has-text-align-center has-text-color has-medium-font-size\" style=\"color:#636363;line-height:1.1\"><strong>Foureco M. Starczynowska Sp. J.<\/strong><br><br>ul. Po\u0142omi\u0144ska 11A<br>40-585 Katowice<br><br>tel: +48 533 262 104<br>e-mail: <a rel=\"noreferrer noopener\" href=\"mailto:biuro@foureco.pl\" target=\"_blank\">biuro@foure<\/a>co.pl<br><br>NIP: 634-277-02-76<\/p>\n\n\n\n<div class=\"wp-block-columns is-layout-flex wp-container-core-columns-is-layout-9d6595d7 wp-block-columns-is-layout-flex\">\n<div class=\"wp-block-column is-layout-flow wp-block-column-is-layout-flow\">\n<p><\/p>\n<\/div>\n<\/div>\n","protected":false},"excerpt":{"rendered":"<p>KONTAKT Foureco M. Starczynowska Sp. J. ul. Po\u0142omi\u0144ska 11A40-585 Katowice tel: +48 533 262 104e-mail: biuro@foureco.pl NIP: 634-277-02-76<\/p>\n","protected":false},"author":1,"featured_media":0,"parent":0,"menu_order":0,"comment_status":"closed","ping_status":"closed","template":"page-templates\/pagebuilder.php","meta":{"footnotes":""},"class_list":["post-88","page","type-page","status-publish","hentry"],"_links":{"self":[{"href":"https:\/\/foureco.pl\/index.php\/wp-json\/wp\/v2\/pages\/88","targetHints":{"allow":["GET"]}}],"collection":[{"href":"https:\/\/foureco.pl\/index.php\/wp-json\/wp\/v2\/pages"}],"about":[{"href":"https:\/\/foureco.pl\/index.php\/wp-json\/wp\/v2\/types\/page"}],"author":[{"embeddable":true,"href":"https:\/\/foureco.pl\/index.php\/wp-json\/wp\/v2\/users\/1"}],"replies":[{"embeddable":true,"href":"https:\/\/foureco.pl\/index.php\/wp-json\/wp\/v2\/comments?post=88"}],"version-history":[{"count":83,"href":"https:\/\/foureco.pl\/index.php\/wp-json\/wp\/v2\/pages\/88\/revisions"}],"predecessor-version":[{"id":244,"href":"https:\/\/foureco.pl\/index.php\/wp-json\/wp\/v2\/pages\/88\/revisions\/244"}],"wp:attachment":[{"href":"https:\/\/foureco.pl\/index.php\/wp-json\/wp\/v2\/media?parent=88"}],"curies":[{"name":"wp","href":"https:\/\/api.w.org\/{rel}","templated":true}]}}